{"id":4342,"date":"2025-05-22T17:53:28","date_gmt":"2025-05-22T15:53:28","guid":{"rendered":"https:\/\/mingamos.cl\/nosotros-copy"},"modified":"2025-05-22T18:09:49","modified_gmt":"2025-05-22T16:09:49","slug":"envioform","status":"publish","type":"page","link":"https:\/\/mingamos.cl\/es\/envioform","title":{"rendered":"Env\u00edoForm"},"content":{"rendered":"<div data-elementor-type=\"wp-page\" data-elementor-id=\"4342\" class=\"elementor elementor-4342\" data-elementor-post-type=\"page\">\n\t\t\t\t<div class=\"elementor-element elementor-element-32d9622 e-flex e-con-boxed e-con e-parent\" data-id=\"32d9622\" data-element_type=\"container\" data-settings=\"{&quot;background_background&quot;:&quot;classic&quot;}\">\n\t\t\t\t\t<div class=\"e-con-inner\">\n\t\t<div class=\"elementor-element elementor-element-69ef7fb e-con-full e-flex e-con e-child\" data-id=\"69ef7fb\" data-element_type=\"container\">\n\t\t\t\t<div class=\"elementor-element elementor-element-fee1354 elementor-widget elementor-widget-heading\" data-id=\"fee1354\" data-element_type=\"widget\" data-widget_type=\"heading.default\">\n\t\t\t\t<div class=\"elementor-widget-container\">\n\t\t\t\t\t<h1 class=\"elementor-heading-title elementor-size-default\">GRACIAS POR INGRESAR TUS DATOS.<br><br>pRONTO TE CONTACTAREMOS PARA M\u00c1S INFORMACI\u00d3N<\/h1>\t\t\t\t<\/div>\n\t\t\t\t<\/div>\n\t\t\t\t<\/div>\n\t\t\t\t\t<\/div>\n\t\t\t\t<\/div>\n\t\t<div class=\"elementor-element elementor-element-eee4809 colaboracion e-flex e-con-boxed e-con e-parent\" data-id=\"eee4809\" data-element_type=\"container\" id=\"colaboracion\" data-settings=\"{&quot;background_background&quot;:&quot;classic&quot;}\">\n\t\t\t\t\t<div class=\"e-con-inner\">\n\t\t<div class=\"elementor-element elementor-element-ee16c24 e-con-full e-flex elementor-invisible e-con e-child\" data-id=\"ee16c24\" data-element_type=\"container\" data-settings=\"{&quot;animation&quot;:&quot;fadeInUp&quot;}\">\n\t\t\t\t<div class=\"elementor-element elementor-element-cc59f5b elementor-widget elementor-widget-button\" data-id=\"cc59f5b\" data-element_type=\"widget\" data-widget_type=\"button.default\">\n\t\t\t\t<div class=\"elementor-widget-container\">\n\t\t\t\t\t\t\t\t\t<div class=\"elementor-button-wrapper\">\n\t\t\t\t\t<a class=\"elementor-button elementor-button-link elementor-size-sm elementor-animation-pulse\" href=\"https:\/\/drive.google.com\/uc?id=1I-BYruPGFy34jM8BmAuAUD2Mb8_FewP9&#038;export=download\">\n\t\t\t\t\t\t<span class=\"elementor-button-content-wrapper\">\n\t\t\t\t\t\t\t\t\t<span class=\"elementor-button-text\">DESCARGA BROCHURE AQU\u00cd<\/span>\n\t\t\t\t\t<\/span>\n\t\t\t\t\t<\/a>\n\t\t\t\t<\/div>\n\t\t\t\t\t\t\t\t<\/div>\n\t\t\t\t<\/div>\n\t\t\t\t<\/div>\n\t\t\t\t\t<\/div>\n\t\t\t\t<\/div>\n\t\t<div class=\"elementor-element elementor-element-85ad39d e-flex e-con-boxed e-con e-parent\" data-id=\"85ad39d\" data-element_type=\"container\">\n\t\t\t\t\t<div class=\"e-con-inner\">\n\t\t\t\t<div class=\"elementor-element elementor-element-28555f3 elementor-widget elementor-widget-image\" data-id=\"28555f3\" data-element_type=\"widget\" data-widget_type=\"image.default\">\n\t\t\t\t<div class=\"elementor-widget-container\">\n\t\t\t\t\t\t\t\t\t\t\t\t\t\t\t<img decoding=\"async\" src=\"https:\/\/mingamos.cl\/wp-content\/uploads\/elementor\/thumbs\/3-1-qz5bttx3f8twluwo7cabztm1zakq6q72114ajgttqo.png\" title=\"3\" alt=\"3\" loading=\"lazy\" \/>\t\t\t\t\t\t\t\t\t\t\t\t\t\t\t<\/div>\n\t\t\t\t<\/div>\n\t\t\t\t\t<\/div>\n\t\t\t\t<\/div>\n\t\t\t\t<\/div>","protected":false},"excerpt":{"rendered":"<p>GRACIAS POR INGRESAR TUS DATOS. pRONTO TE CONTACTAREMOS PARA M\u00c1S INFORMACI\u00d3N DESCARGA BROCHURE AQU\u00cd<\/p>","protected":false},"author":2,"featured_media":0,"parent":0,"menu_order":0,"comment_status":"closed","ping_status":"closed","template":"elementor_header_footer","meta":{"content-type":"","footnotes":""},"class_list":["post-4342","page","type-page","status-publish","hentry"],"yoast_head":"<!-- This site is optimized with the Yoast SEO plugin v23.9 - https:\/\/yoast.com\/wordpress\/plugins\/seo\/ -->\n<title>Env\u00edoForm - Mingamos<\/title>\n<meta name=\"robots\" content=\"noindex, follow, max-snippet:-1, max-image-preview:large, max-video-preview:-1\" \/>\n<meta property=\"og:locale\" content=\"es_ES\" \/>\n<meta property=\"og:type\" content=\"article\" \/>\n<meta property=\"og:title\" content=\"Env\u00edoForm - Mingamos\" \/>\n<meta property=\"og:description\" content=\"GRACIAS POR INGRESAR TUS DATOS. pRONTO TE CONTACTAREMOS PARA M\u00c1S INFORMACI\u00d3N DESCARGA BROCHURE AQU\u00cd\" \/>\n<meta property=\"og:url\" content=\"https:\/\/mingamos.cl\/es\/envioform\/\" \/>\n<meta property=\"og:site_name\" content=\"Mingamos\" \/>\n<meta property=\"article:modified_time\" content=\"2025-05-22T16:09:49+00:00\" \/>\n<meta property=\"og:image\" content=\"https:\/\/mingamos.cl\/wp-content\/uploads\/elementor\/thumbs\/3-1-qz5bttx3f8twluwo7cabztm1zakq6q72114aav8f68.png\" \/>\n<meta name=\"twitter:card\" content=\"summary_large_image\" \/>\n<meta name=\"twitter:label1\" content=\"Tiempo de lectura\" \/>\n\t<meta name=\"twitter:data1\" content=\"1 minuto\" \/>\n<script type=\"application\/ld+json\" class=\"yoast-schema-graph\">{\"@context\":\"https:\/\/schema.org\",\"@graph\":[{\"@type\":\"WebPage\",\"@id\":\"https:\/\/mingamos.cl\/envioform\",\"url\":\"https:\/\/mingamos.cl\/envioform\",\"name\":\"Env\u00edoForm - Mingamos\",\"isPartOf\":{\"@id\":\"https:\/\/mingamos.cl\/#website\"},\"primaryImageOfPage\":{\"@id\":\"https:\/\/mingamos.cl\/envioform#primaryimage\"},\"image\":{\"@id\":\"https:\/\/mingamos.cl\/envioform#primaryimage\"},\"thumbnailUrl\":\"https:\/\/mingamos.cl\/wp-content\/uploads\/elementor\/thumbs\/3-1-qz5bttx3f8twluwo7cabztm1zakq6q72114aav8f68.png\",\"datePublished\":\"2025-05-22T15:53:28+00:00\",\"dateModified\":\"2025-05-22T16:09:49+00:00\",\"breadcrumb\":{\"@id\":\"https:\/\/mingamos.cl\/envioform#breadcrumb\"},\"inLanguage\":\"es\",\"potentialAction\":[{\"@type\":\"ReadAction\",\"target\":[\"https:\/\/mingamos.cl\/envioform\"]}]},{\"@type\":\"ImageObject\",\"inLanguage\":\"es\",\"@id\":\"https:\/\/mingamos.cl\/envioform#primaryimage\",\"url\":\"https:\/\/mingamos.cl\/wp-content\/uploads\/elementor\/thumbs\/3-1-qz5bttx3f8twluwo7cabztm1zakq6q72114aav8f68.png\",\"contentUrl\":\"https:\/\/mingamos.cl\/wp-content\/uploads\/elementor\/thumbs\/3-1-qz5bttx3f8twluwo7cabztm1zakq6q72114aav8f68.png\"},{\"@type\":\"BreadcrumbList\",\"@id\":\"https:\/\/mingamos.cl\/envioform#breadcrumb\",\"itemListElement\":[{\"@type\":\"ListItem\",\"position\":1,\"name\":\"Home\",\"item\":\"https:\/\/mingamos.cl\/\"},{\"@type\":\"ListItem\",\"position\":2,\"name\":\"Env\u00edoForm\"}]},{\"@type\":\"WebSite\",\"@id\":\"https:\/\/mingamos.cl\/#website\",\"url\":\"https:\/\/mingamos.cl\/\",\"name\":\"Mingamos\",\"description\":\"Mingamos\",\"potentialAction\":[{\"@type\":\"SearchAction\",\"target\":{\"@type\":\"EntryPoint\",\"urlTemplate\":\"https:\/\/mingamos.cl\/?s={search_term_string}\"},\"query-input\":{\"@type\":\"PropertyValueSpecification\",\"valueRequired\":true,\"valueName\":\"search_term_string\"}}],\"inLanguage\":\"es\"}]}<\/script>\n<!-- \/ Yoast SEO plugin. -->","yoast_head_json":{"title":"Env\u00edoForm - Mingamos","robots":{"index":"noindex","follow":"follow","max-snippet":"max-snippet:-1","max-image-preview":"max-image-preview:large","max-video-preview":"max-video-preview:-1"},"og_locale":"es_ES","og_type":"article","og_title":"Env\u00edoForm - Mingamos","og_description":"GRACIAS POR INGRESAR TUS DATOS. pRONTO TE CONTACTAREMOS PARA M\u00c1S INFORMACI\u00d3N DESCARGA BROCHURE AQU\u00cd","og_url":"https:\/\/mingamos.cl\/es\/envioform\/","og_site_name":"Mingamos","article_modified_time":"2025-05-22T16:09:49+00:00","og_image":[{"url":"https:\/\/mingamos.cl\/wp-content\/uploads\/elementor\/thumbs\/3-1-qz5bttx3f8twluwo7cabztm1zakq6q72114aav8f68.png"}],"twitter_card":"summary_large_image","twitter_misc":{"Tiempo de lectura":"1 minuto"},"schema":{"@context":"https:\/\/schema.org","@graph":[{"@type":"WebPage","@id":"https:\/\/mingamos.cl\/envioform","url":"https:\/\/mingamos.cl\/envioform","name":"Env\u00edoForm - Mingamos","isPartOf":{"@id":"https:\/\/mingamos.cl\/#website"},"primaryImageOfPage":{"@id":"https:\/\/mingamos.cl\/envioform#primaryimage"},"image":{"@id":"https:\/\/mingamos.cl\/envioform#primaryimage"},"thumbnailUrl":"https:\/\/mingamos.cl\/wp-content\/uploads\/elementor\/thumbs\/3-1-qz5bttx3f8twluwo7cabztm1zakq6q72114aav8f68.png","datePublished":"2025-05-22T15:53:28+00:00","dateModified":"2025-05-22T16:09:49+00:00","breadcrumb":{"@id":"https:\/\/mingamos.cl\/envioform#breadcrumb"},"inLanguage":"es","potentialAction":[{"@type":"ReadAction","target":["https:\/\/mingamos.cl\/envioform"]}]},{"@type":"ImageObject","inLanguage":"es","@id":"https:\/\/mingamos.cl\/envioform#primaryimage","url":"https:\/\/mingamos.cl\/wp-content\/uploads\/elementor\/thumbs\/3-1-qz5bttx3f8twluwo7cabztm1zakq6q72114aav8f68.png","contentUrl":"https:\/\/mingamos.cl\/wp-content\/uploads\/elementor\/thumbs\/3-1-qz5bttx3f8twluwo7cabztm1zakq6q72114aav8f68.png"},{"@type":"BreadcrumbList","@id":"https:\/\/mingamos.cl\/envioform#breadcrumb","itemListElement":[{"@type":"ListItem","position":1,"name":"Home","item":"https:\/\/mingamos.cl\/"},{"@type":"ListItem","position":2,"name":"Env\u00edoForm"}]},{"@type":"WebSite","@id":"https:\/\/mingamos.cl\/#website","url":"https:\/\/mingamos.cl\/","name":"Mingamos","description":"Mingamos","potentialAction":[{"@type":"SearchAction","target":{"@type":"EntryPoint","urlTemplate":"https:\/\/mingamos.cl\/?s={search_term_string}"},"query-input":{"@type":"PropertyValueSpecification","valueRequired":true,"valueName":"search_term_string"}}],"inLanguage":"es"}]}},"_links":{"self":[{"href":"https:\/\/mingamos.cl\/es\/wp-json\/wp\/v2\/pages\/4342","targetHints":{"allow":["GET"]}}],"collection":[{"href":"https:\/\/mingamos.cl\/es\/wp-json\/wp\/v2\/pages"}],"about":[{"href":"https:\/\/mingamos.cl\/es\/wp-json\/wp\/v2\/types\/page"}],"author":[{"embeddable":true,"href":"https:\/\/mingamos.cl\/es\/wp-json\/wp\/v2\/users\/2"}],"replies":[{"embeddable":true,"href":"https:\/\/mingamos.cl\/es\/wp-json\/wp\/v2\/comments?post=4342"}],"version-history":[{"count":4,"href":"https:\/\/mingamos.cl\/es\/wp-json\/wp\/v2\/pages\/4342\/revisions"}],"predecessor-version":[{"id":4347,"href":"https:\/\/mingamos.cl\/es\/wp-json\/wp\/v2\/pages\/4342\/revisions\/4347"}],"wp:attachment":[{"href":"https:\/\/mingamos.cl\/es\/wp-json\/wp\/v2\/media?parent=4342"}],"curies":[{"name":"wp","href":"https:\/\/api.w.org\/{rel}","templated":true}]}}