{"id":3513,"date":"2024-11-05T05:41:28","date_gmt":"2024-11-05T04:41:28","guid":{"rendered":"https:\/\/mingamos.cl\/proyecto-restauracion-puntra-copy"},"modified":"2025-05-14T17:33:05","modified_gmt":"2025-05-14T15:33:05","slug":"nosotros","status":"publish","type":"page","link":"https:\/\/mingamos.cl\/es\/nosotros","title":{"rendered":"Nosotros"},"content":{"rendered":"<div data-elementor-type=\"wp-page\" data-elementor-id=\"3513\" class=\"elementor elementor-3513\" data-elementor-post-type=\"page\">\n\t\t\t\t<div class=\"elementor-element elementor-element-32d9622 e-flex e-con-boxed e-con e-parent\" data-id=\"32d9622\" data-element_type=\"container\" data-settings=\"{&quot;background_background&quot;:&quot;classic&quot;}\">\n\t\t\t\t\t<div class=\"e-con-inner\">\n\t\t<div class=\"elementor-element elementor-element-69ef7fb e-con-full e-flex e-con e-child\" data-id=\"69ef7fb\" data-element_type=\"container\">\n\t\t\t\t<div class=\"elementor-element elementor-element-fee1354 elementor-widget elementor-widget-heading\" data-id=\"fee1354\" data-element_type=\"widget\" data-widget_type=\"heading.default\">\n\t\t\t\t<div class=\"elementor-widget-container\">\n\t\t\t\t\t<h1 class=\"elementor-heading-title elementor-size-default\">Nosotros<\/h1>\t\t\t\t<\/div>\n\t\t\t\t<\/div>\n\t\t\t\t<\/div>\n\t\t\t\t\t<\/div>\n\t\t\t\t<\/div>\n\t\t<div class=\"elementor-element elementor-element-eee4809 colaboracion e-flex e-con-boxed e-con e-parent\" data-id=\"eee4809\" data-element_type=\"container\" id=\"colaboracion\" data-settings=\"{&quot;background_background&quot;:&quot;classic&quot;}\">\n\t\t\t\t\t<div class=\"e-con-inner\">\n\t\t<div class=\"elementor-element elementor-element-ee16c24 e-con-full e-flex elementor-invisible e-con e-child\" data-id=\"ee16c24\" data-element_type=\"container\" data-settings=\"{&quot;animation&quot;:&quot;fadeInUp&quot;}\">\n\t\t\t\t<div class=\"elementor-element elementor-element-67894ce elementor-widget elementor-widget-heading\" data-id=\"67894ce\" data-element_type=\"widget\" data-widget_type=\"heading.default\">\n\t\t\t\t<div class=\"elementor-widget-container\">\n\t\t\t\t\t<h2 class=\"elementor-heading-title elementor-size-default\">Inscr\u00edbete aqu\u00ed y descarga toda\nla informaci\u00f3n de nuestro proyecto.<\/h2>\t\t\t\t<\/div>\n\t\t\t\t<\/div>\n\t\t\t\t<\/div>\n\t\t<div class=\"elementor-element elementor-element-fde06e3 e-con-full e-flex elementor-invisible e-con e-child\" data-id=\"fde06e3\" data-element_type=\"container\" data-settings=\"{&quot;animation&quot;:&quot;fadeInUp&quot;}\">\n\t\t\t\t<div class=\"elementor-element elementor-element-1b2fe28 elementor-widget elementor-widget-html\" data-id=\"1b2fe28\" data-element_type=\"widget\" data-widget_type=\"html.default\">\n\t\t\t\t<div class=\"elementor-widget-container\">\n\t\t\t\t\t<script charset=\"utf-8\" type=\"text\/javascript\" src=\"\/\/js.hsforms.net\/forms\/embed\/v2.js\"><\/script>\n<script>\n  hbspt.forms.create({\n    portalId: \"47118198\",\n    formId: \"0f9db844-00fb-40cf-b19d-5fc8cc76c896\"\n  });\n<\/script>\t\t\t\t<\/div>\n\t\t\t\t<\/div>\n\t\t\t\t<\/div>\n\t\t\t\t\t<\/div>\n\t\t\t\t<\/div>\n\t\t<div class=\"elementor-element elementor-element-61bb6dd historia mingamos e-flex e-con-boxed e-con e-parent\" data-id=\"61bb6dd\" data-element_type=\"container\" id=\"historia mingamos\" data-settings=\"{&quot;background_background&quot;:&quot;classic&quot;}\">\n\t\t\t\t\t<div class=\"e-con-inner\">\n\t\t<div class=\"elementor-element elementor-element-8336437 e-con-full e-flex elementor-invisible e-con e-child\" data-id=\"8336437\" data-element_type=\"container\" data-settings=\"{&quot;animation&quot;:&quot;fadeInUp&quot;}\">\n\t\t\t\t<div class=\"elementor-element elementor-element-b983a51 elementor-widget elementor-widget-heading\" data-id=\"b983a51\" data-element_type=\"widget\" data-widget_type=\"heading.default\">\n\t\t\t\t<div class=\"elementor-widget-container\">\n\t\t\t\t\t<h2 class=\"elementor-heading-title elementor-size-default\">Historia de Mingamos: Conservaci\u00f3n y Sostenibilidad en Chilo\u00e9<\/h2>\t\t\t\t<\/div>\n\t\t\t\t<\/div>\n\t\t\t\t<div class=\"elementor-element elementor-element-4a6f327 elementor-widget elementor-widget-text-editor\" data-id=\"4a6f327\" data-element_type=\"widget\" data-widget_type=\"text-editor.default\">\n\t\t\t\t<div class=\"elementor-widget-container\">\n\t\t\t\t\t\t\t\t\t<p>Mingamos es un proyecto que nace en 2018 , cuando un grupo de amigos y familiares organizados decidieron adquirir un terreno cerca de Ancud, Chilo\u00e9 , con el sue\u00f1o de crear un espacio que combine la convivencia arm\u00f3nica con la naturaleza y la conservaci\u00f3n del territorio. Desde el comienzo, aplicamos buenas pr\u00e1cticas para asegurar el respeto por el ecosistema, lo que nos llev\u00f3 a desarrollar un modelo innovador de venta de terrenos de 5.000 m\u00b2 que no fragmenta el territorio ni pone en riesgo la biodiversidad.<\/p><p>Con el tiempo, hemos mejorado y ampliado nuestras pr\u00e1cticas, siempre enfocados en generar el mayor impacto positivo posible. Lo que comenz\u00f3 como un proyecto entre amigos ha crecido para convertirse en un modelo sustentable, ecol\u00f3gico y socialmente consciente que beneficia tanto al medio ambiente como a las comunidades locales.<\/p>\t\t\t\t\t\t\t\t<\/div>\n\t\t\t\t<\/div>\n\t\t\t\t<\/div>\n\t\t<div class=\"elementor-element elementor-element-9b73b2f e-con-full e-flex elementor-invisible e-con e-child\" data-id=\"9b73b2f\" data-element_type=\"container\" data-settings=\"{&quot;animation&quot;:&quot;fadeInUp&quot;}\">\n\t\t\t\t<div class=\"elementor-element elementor-element-aba3534 elementor-widget elementor-widget-image\" data-id=\"aba3534\" data-element_type=\"widget\" data-widget_type=\"image.default\">\n\t\t\t\t<div class=\"elementor-widget-container\">\n\t\t\t\t\t\t\t\t\t\t\t\t\t\t\t<img fetchpriority=\"high\" decoding=\"async\" width=\"800\" height=\"587\" src=\"https:\/\/mingamos.cl\/wp-content\/uploads\/2024\/11\/18-1024x751.png\" class=\"attachment-large size-large wp-image-3414\" alt=\"referente de conservaci\u00f3n en el sur de Chile.\" srcset=\"https:\/\/mingamos.cl\/wp-content\/uploads\/2024\/11\/18-1024x751.png 1024w, https:\/\/mingamos.cl\/wp-content\/uploads\/2024\/11\/18-300x220.png 300w, https:\/\/mingamos.cl\/wp-content\/uploads\/2024\/11\/18-768x563.png 768w, https:\/\/mingamos.cl\/wp-content\/uploads\/2024\/11\/18-16x12.png 16w, https:\/\/mingamos.cl\/wp-content\/uploads\/2024\/11\/18.png 1500w\" sizes=\"(max-width: 800px) 100vw, 800px\" \/>\t\t\t\t\t\t\t\t\t\t\t\t\t\t\t<\/div>\n\t\t\t\t<\/div>\n\t\t\t\t<\/div>\n\t\t\t\t\t<\/div>\n\t\t\t\t<\/div>\n\t\t<div class=\"elementor-element elementor-element-61b809a mas proyectos e-flex e-con-boxed e-con e-parent\" data-id=\"61b809a\" data-element_type=\"container\" id=\"mas proyectos\" data-settings=\"{&quot;background_background&quot;:&quot;classic&quot;}\">\n\t\t\t\t\t<div class=\"e-con-inner\">\n\t\t<div class=\"elementor-element elementor-element-fe7c34e e-con-full e-flex elementor-invisible e-con e-child\" data-id=\"fe7c34e\" data-element_type=\"container\" data-settings=\"{&quot;animation&quot;:&quot;fadeInUp&quot;}\">\n\t\t\t\t<div class=\"elementor-element elementor-element-9236696 elementor-widget elementor-widget-image\" data-id=\"9236696\" data-element_type=\"widget\" data-widget_type=\"image.default\">\n\t\t\t\t<div class=\"elementor-widget-container\">\n\t\t\t\t\t\t\t\t\t\t\t\t\t\t\t<img decoding=\"async\" width=\"800\" height=\"587\" src=\"https:\/\/mingamos.cl\/wp-content\/uploads\/2024\/11\/19-1024x751.png\" class=\"attachment-large size-large wp-image-3413\" alt=\"conservaci\u00f3n y el impacto social.\" srcset=\"https:\/\/mingamos.cl\/wp-content\/uploads\/2024\/11\/19-1024x751.png 1024w, https:\/\/mingamos.cl\/wp-content\/uploads\/2024\/11\/19-300x220.png 300w, https:\/\/mingamos.cl\/wp-content\/uploads\/2024\/11\/19-768x563.png 768w, https:\/\/mingamos.cl\/wp-content\/uploads\/2024\/11\/19-16x12.png 16w, https:\/\/mingamos.cl\/wp-content\/uploads\/2024\/11\/19.png 1500w\" sizes=\"(max-width: 800px) 100vw, 800px\" \/>\t\t\t\t\t\t\t\t\t\t\t\t\t\t\t<\/div>\n\t\t\t\t<\/div>\n\t\t\t\t<\/div>\n\t\t<div class=\"elementor-element elementor-element-f90c135 e-con-full e-flex elementor-invisible e-con e-child\" data-id=\"f90c135\" data-element_type=\"container\" data-settings=\"{&quot;animation&quot;:&quot;fadeInUp&quot;}\">\n\t\t\t\t<div class=\"elementor-element elementor-element-56afb39 elementor-widget elementor-widget-heading\" data-id=\"56afb39\" data-element_type=\"widget\" data-widget_type=\"heading.default\">\n\t\t\t\t<div class=\"elementor-widget-container\">\n\t\t\t\t\t<h2 class=\"elementor-heading-title elementor-size-default\">M\u00e1s Proyectos de Conservaci\u00f3n y Desarrollo Sostenible de Mingamos<\/h2>\t\t\t\t<\/div>\n\t\t\t\t<\/div>\n\t\t\t\t<div class=\"elementor-element elementor-element-5204eff elementor-widget elementor-widget-text-editor\" data-id=\"5204eff\" data-element_type=\"widget\" data-widget_type=\"text-editor.default\">\n\t\t\t\t<div class=\"elementor-widget-container\">\n\t\t\t\t\t\t\t\t\t<p>Mingamos tiene 3 proyectos terminados hasta ahora. El primero fue R\u00edo Paila y Luego R\u00edo Negro I y II. Hoy estamos desarrollando nuestro cuarto proyecto: Proyecto Restauraci\u00f3n Puntra.<\/p>\t\t\t\t\t\t\t\t<\/div>\n\t\t\t\t<\/div>\n\t\t\t\t<\/div>\n\t\t\t\t\t<\/div>\n\t\t\t\t<\/div>\n\t\t<div class=\"elementor-element elementor-element-e66f029 beneficios elementor-hidden-desktop elementor-hidden-tablet elementor-hidden-mobile e-flex e-con-boxed e-con e-parent\" data-id=\"e66f029\" data-element_type=\"container\" id=\"beneficios\" data-settings=\"{&quot;background_background&quot;:&quot;classic&quot;}\">\n\t\t\t\t\t<div class=\"e-con-inner\">\n\t\t<div class=\"elementor-element elementor-element-82e1c38 e-con-full e-flex e-con e-child\" data-id=\"82e1c38\" data-element_type=\"container\">\n\t\t\t\t<div class=\"elementor-element elementor-element-a19cb6e elementor-widget elementor-widget-heading\" data-id=\"a19cb6e\" data-element_type=\"widget\" data-widget_type=\"heading.default\">\n\t\t\t\t<div class=\"elementor-widget-container\">\n\t\t\t\t\t<h2 class=\"elementor-heading-title elementor-size-default\">Beneficios para inversionistas<\/h2>\t\t\t\t<\/div>\n\t\t\t\t<\/div>\n\t\t\t\t<div class=\"elementor-element elementor-element-72985ca elementor-widget elementor-widget-text-editor\" data-id=\"72985ca\" data-element_type=\"widget\" data-widget_type=\"text-editor.default\">\n\t\t\t\t<div class=\"elementor-widget-container\">\n\t\t\t\t\t\t\t\t\t<p>Invertir en Mingamos ofrece una oportunidad \u00fanica de obtener plusval\u00eda mientras contribuyes a la conservaci\u00f3n del bosque nativo chilote.<\/p><p>Los terrenos reforestados tienen un crecimiento de valor estimado en un 15% anual, con beneficios adicionales como la protecci\u00f3n a perpetuidad garantizada por el <strong>Derecho Real de Conservaci\u00f3n (DRC)<\/strong>, asegurando que el 70% del terreno se mantenga protegido y libre de cercos. Al ser parte de Mingamos, los inversionistas no solo protegen el medio ambiente, sino que tambi\u00e9n disfrutan de beneficios concretos como la baja mantenci\u00f3n de los terrenos gracias a la cooperativa, la cobertura de gastos legales (escrituras, notar\u00eda) y la facilidad de pago. Adem\u00e1s, las oportunidades para desarrollar turismo ecol\u00f3gico y actividades educativas hacen que la inversi\u00f3n sea a\u00fan m\u00e1s atractiva, tanto desde una perspectiva econ\u00f3mica como ambiental.<\/p>\t\t\t\t\t\t\t\t<\/div>\n\t\t\t\t<\/div>\n\t\t\t\t<\/div>\n\t\t<div class=\"elementor-element elementor-element-10942c5 e-con-full e-flex e-con e-child\" data-id=\"10942c5\" data-element_type=\"container\">\n\t\t\t\t<div class=\"elementor-element elementor-element-512b7d4 elementor-widget elementor-widget-image\" data-id=\"512b7d4\" data-element_type=\"widget\" data-widget_type=\"image.default\">\n\t\t\t\t<div class=\"elementor-widget-container\">\n\t\t\t\t\t\t\t\t\t\t\t\t\t\t\t<img decoding=\"async\" width=\"800\" height=\"587\" src=\"https:\/\/mingamos.cl\/wp-content\/uploads\/2024\/11\/2-1024x751.png\" class=\"attachment-large size-large wp-image-3430\" alt=\"inversi\u00f3n y restauraci\u00f3n ambiental\" srcset=\"https:\/\/mingamos.cl\/wp-content\/uploads\/2024\/11\/2-1024x751.png 1024w, https:\/\/mingamos.cl\/wp-content\/uploads\/2024\/11\/2-300x220.png 300w, https:\/\/mingamos.cl\/wp-content\/uploads\/2024\/11\/2-768x563.png 768w, https:\/\/mingamos.cl\/wp-content\/uploads\/2024\/11\/2-16x12.png 16w, https:\/\/mingamos.cl\/wp-content\/uploads\/2024\/11\/2.png 1500w\" sizes=\"(max-width: 800px) 100vw, 800px\" \/>\t\t\t\t\t\t\t\t\t\t\t\t\t\t\t<\/div>\n\t\t\t\t<\/div>\n\t\t\t\t<\/div>\n\t\t\t\t\t<\/div>\n\t\t\t\t<\/div>\n\t\t<div class=\"elementor-element elementor-element-7600c9a equipo mingamos e-flex e-con-boxed e-con e-parent\" data-id=\"7600c9a\" data-element_type=\"container\" id=\"equipo mingamos\" data-settings=\"{&quot;background_background&quot;:&quot;classic&quot;}\">\n\t\t\t\t\t<div class=\"e-con-inner\">\n\t\t<div class=\"elementor-element elementor-element-f4163b0 e-con-full e-flex elementor-invisible e-con e-child\" data-id=\"f4163b0\" data-element_type=\"container\" data-settings=\"{&quot;animation&quot;:&quot;fadeInUp&quot;}\">\n\t\t\t\t<div class=\"elementor-element elementor-element-0e14a78 elementor-widget elementor-widget-heading\" data-id=\"0e14a78\" data-element_type=\"widget\" data-widget_type=\"heading.default\">\n\t\t\t\t<div class=\"elementor-widget-container\">\n\t\t\t\t\t<h2 class=\"elementor-heading-title elementor-size-default\">Equipo de Mingamos: Expertos en Conservaci\u00f3n y Ecoturismo<\/h2>\t\t\t\t<\/div>\n\t\t\t\t<\/div>\n\t\t\t\t<div class=\"elementor-element elementor-element-a4ce0eb elementor-widget elementor-widget-text-editor\" data-id=\"a4ce0eb\" data-element_type=\"widget\" data-widget_type=\"text-editor.default\">\n\t\t\t\t<div class=\"elementor-widget-container\">\n\t\t\t\t\t\t\t\t\t<p>En Mingamos, contamos con un equipo de expertos dedicados a cada aspecto del proyecto. Desde la reforestaci\u00f3n y conservaci\u00f3n del ecosistema, hasta la gesti\u00f3n legal y el desarrollo comunitario, cada miembro aporta su conocimiento especializado para asegurar el \u00e9xito y la sostenibilidad a largo plazo. Juntos, trabajamos para restaurar los bosques nativos y proteger la biodiversidad del sur de Chile.<\/p>\t\t\t\t\t\t\t\t<\/div>\n\t\t\t\t<\/div>\n\t\t\t\t<\/div>\n\t\t<div class=\"elementor-element elementor-element-495421c e-con-full e-flex elementor-invisible e-con e-child\" data-id=\"495421c\" data-element_type=\"container\" data-settings=\"{&quot;animation&quot;:&quot;fadeInUp&quot;}\">\n\t\t\t\t<div class=\"elementor-element elementor-element-3ff71a0 elementor-widget elementor-widget-image\" data-id=\"3ff71a0\" data-element_type=\"widget\" data-widget_type=\"image.default\">\n\t\t\t\t<div class=\"elementor-widget-container\">\n\t\t\t\t\t\t\t\t\t\t\t\t\t\t\t<img loading=\"lazy\" decoding=\"async\" width=\"800\" height=\"587\" src=\"https:\/\/mingamos.cl\/wp-content\/uploads\/2024\/11\/20-1024x751.png\" class=\"attachment-large size-large wp-image-3412\" alt=\"dedicado a la restauraci\u00f3n del ecosistema y el desarrollo sostenible en el sur de Chile.\" srcset=\"https:\/\/mingamos.cl\/wp-content\/uploads\/2024\/11\/20-1024x751.png 1024w, https:\/\/mingamos.cl\/wp-content\/uploads\/2024\/11\/20-300x220.png 300w, https:\/\/mingamos.cl\/wp-content\/uploads\/2024\/11\/20-768x563.png 768w, https:\/\/mingamos.cl\/wp-content\/uploads\/2024\/11\/20-16x12.png 16w, https:\/\/mingamos.cl\/wp-content\/uploads\/2024\/11\/20.png 1500w\" sizes=\"(max-width: 800px) 100vw, 800px\" \/>\t\t\t\t\t\t\t\t\t\t\t\t\t\t\t<\/div>\n\t\t\t\t<\/div>\n\t\t\t\t<\/div>\n\t\t\t\t\t<\/div>\n\t\t\t\t<\/div>\n\t\t\t\t<\/div>","protected":false},"excerpt":{"rendered":"<p>Nosotros Inscr\u00edbete aqu\u00ed y descarga toda la informaci\u00f3n de nuestro proyecto. Historia de Mingamos: Conservaci\u00f3n y Sostenibilidad en Chilo\u00e9 Mingamos es un proyecto que nace en 2018 , cuando un grupo de amigos y familiares organizados decidieron adquirir un terreno cerca de Ancud, Chilo\u00e9 , con el sue\u00f1o de crear un espacio que combine la [&hellip;]<\/p>","protected":false},"author":1,"featured_media":0,"parent":0,"menu_order":0,"comment_status":"closed","ping_status":"closed","template":"elementor_header_footer","meta":{"content-type":"","footnotes":""},"class_list":["post-3513","page","type-page","status-publish","hentry"],"yoast_head":"<!-- This site is optimized with the Yoast SEO plugin v23.9 - https:\/\/yoast.com\/wordpress\/plugins\/seo\/ -->\n<title>Nosotros - Mingamos<\/title>\n<meta name=\"robots\" content=\"noindex, follow, max-snippet:-1, max-image-preview:large, max-video-preview:-1\" \/>\n<meta property=\"og:locale\" content=\"es_ES\" \/>\n<meta property=\"og:type\" content=\"article\" \/>\n<meta property=\"og:title\" content=\"Nosotros - Mingamos\" \/>\n<meta property=\"og:description\" content=\"Nosotros Inscr\u00edbete aqu\u00ed y descarga toda la informaci\u00f3n de nuestro proyecto. Historia de Mingamos: Conservaci\u00f3n y Sostenibilidad en Chilo\u00e9 Mingamos es un proyecto que nace en 2018 , cuando un grupo de amigos y familiares organizados decidieron adquirir un terreno cerca de Ancud, Chilo\u00e9 , con el sue\u00f1o de crear un espacio que combine la [&hellip;]\" \/>\n<meta property=\"og:url\" content=\"https:\/\/mingamos.cl\/es\/nosotros\/\" \/>\n<meta property=\"og:site_name\" content=\"Mingamos\" \/>\n<meta property=\"article:modified_time\" content=\"2025-05-14T15:33:05+00:00\" \/>\n<meta property=\"og:image\" content=\"https:\/\/mingamos.cl\/wp-content\/uploads\/2024\/11\/18-1024x751.png\" \/>\n\t<meta property=\"og:image:width\" content=\"1024\" \/>\n\t<meta property=\"og:image:height\" content=\"751\" \/>\n\t<meta property=\"og:image:type\" content=\"image\/png\" \/>\n<meta name=\"twitter:card\" content=\"summary_large_image\" \/>\n<meta name=\"twitter:label1\" content=\"Tiempo de lectura\" \/>\n\t<meta name=\"twitter:data1\" content=\"3 minutos\" \/>\n<script type=\"application\/ld+json\" class=\"yoast-schema-graph\">{\"@context\":\"https:\/\/schema.org\",\"@graph\":[{\"@type\":\"WebPage\",\"@id\":\"https:\/\/mingamos.cl\/nosotros\",\"url\":\"https:\/\/mingamos.cl\/nosotros\",\"name\":\"Nosotros - Mingamos\",\"isPartOf\":{\"@id\":\"https:\/\/mingamos.cl\/#website\"},\"primaryImageOfPage\":{\"@id\":\"https:\/\/mingamos.cl\/nosotros#primaryimage\"},\"image\":{\"@id\":\"https:\/\/mingamos.cl\/nosotros#primaryimage\"},\"thumbnailUrl\":\"https:\/\/mingamos.cl\/wp-content\/uploads\/2024\/11\/18-1024x751.png\",\"datePublished\":\"2024-11-05T04:41:28+00:00\",\"dateModified\":\"2025-05-14T15:33:05+00:00\",\"breadcrumb\":{\"@id\":\"https:\/\/mingamos.cl\/nosotros#breadcrumb\"},\"inLanguage\":\"es\",\"potentialAction\":[{\"@type\":\"ReadAction\",\"target\":[\"https:\/\/mingamos.cl\/nosotros\"]}]},{\"@type\":\"ImageObject\",\"inLanguage\":\"es\",\"@id\":\"https:\/\/mingamos.cl\/nosotros#primaryimage\",\"url\":\"https:\/\/mingamos.cl\/wp-content\/uploads\/2024\/11\/18-1024x751.png\",\"contentUrl\":\"https:\/\/mingamos.cl\/wp-content\/uploads\/2024\/11\/18-1024x751.png\"},{\"@type\":\"BreadcrumbList\",\"@id\":\"https:\/\/mingamos.cl\/nosotros#breadcrumb\",\"itemListElement\":[{\"@type\":\"ListItem\",\"position\":1,\"name\":\"Home\",\"item\":\"https:\/\/mingamos.cl\/\"},{\"@type\":\"ListItem\",\"position\":2,\"name\":\"Nosotros\"}]},{\"@type\":\"WebSite\",\"@id\":\"https:\/\/mingamos.cl\/#website\",\"url\":\"https:\/\/mingamos.cl\/\",\"name\":\"Mingamos\",\"description\":\"Mingamos\",\"potentialAction\":[{\"@type\":\"SearchAction\",\"target\":{\"@type\":\"EntryPoint\",\"urlTemplate\":\"https:\/\/mingamos.cl\/?s={search_term_string}\"},\"query-input\":{\"@type\":\"PropertyValueSpecification\",\"valueRequired\":true,\"valueName\":\"search_term_string\"}}],\"inLanguage\":\"es\"}]}<\/script>\n<!-- \/ Yoast SEO plugin. -->","yoast_head_json":{"title":"Nosotros - Mingamos","robots":{"index":"noindex","follow":"follow","max-snippet":"max-snippet:-1","max-image-preview":"max-image-preview:large","max-video-preview":"max-video-preview:-1"},"og_locale":"es_ES","og_type":"article","og_title":"Nosotros - Mingamos","og_description":"Nosotros Inscr\u00edbete aqu\u00ed y descarga toda la informaci\u00f3n de nuestro proyecto. Historia de Mingamos: Conservaci\u00f3n y Sostenibilidad en Chilo\u00e9 Mingamos es un proyecto que nace en 2018 , cuando un grupo de amigos y familiares organizados decidieron adquirir un terreno cerca de Ancud, Chilo\u00e9 , con el sue\u00f1o de crear un espacio que combine la [&hellip;]","og_url":"https:\/\/mingamos.cl\/es\/nosotros\/","og_site_name":"Mingamos","article_modified_time":"2025-05-14T15:33:05+00:00","og_image":[{"width":1024,"height":751,"url":"https:\/\/mingamos.cl\/wp-content\/uploads\/2024\/11\/18-1024x751.png","type":"image\/png"}],"twitter_card":"summary_large_image","twitter_misc":{"Tiempo de lectura":"3 minutos"},"schema":{"@context":"https:\/\/schema.org","@graph":[{"@type":"WebPage","@id":"https:\/\/mingamos.cl\/nosotros","url":"https:\/\/mingamos.cl\/nosotros","name":"Nosotros - Mingamos","isPartOf":{"@id":"https:\/\/mingamos.cl\/#website"},"primaryImageOfPage":{"@id":"https:\/\/mingamos.cl\/nosotros#primaryimage"},"image":{"@id":"https:\/\/mingamos.cl\/nosotros#primaryimage"},"thumbnailUrl":"https:\/\/mingamos.cl\/wp-content\/uploads\/2024\/11\/18-1024x751.png","datePublished":"2024-11-05T04:41:28+00:00","dateModified":"2025-05-14T15:33:05+00:00","breadcrumb":{"@id":"https:\/\/mingamos.cl\/nosotros#breadcrumb"},"inLanguage":"es","potentialAction":[{"@type":"ReadAction","target":["https:\/\/mingamos.cl\/nosotros"]}]},{"@type":"ImageObject","inLanguage":"es","@id":"https:\/\/mingamos.cl\/nosotros#primaryimage","url":"https:\/\/mingamos.cl\/wp-content\/uploads\/2024\/11\/18-1024x751.png","contentUrl":"https:\/\/mingamos.cl\/wp-content\/uploads\/2024\/11\/18-1024x751.png"},{"@type":"BreadcrumbList","@id":"https:\/\/mingamos.cl\/nosotros#breadcrumb","itemListElement":[{"@type":"ListItem","position":1,"name":"Home","item":"https:\/\/mingamos.cl\/"},{"@type":"ListItem","position":2,"name":"Nosotros"}]},{"@type":"WebSite","@id":"https:\/\/mingamos.cl\/#website","url":"https:\/\/mingamos.cl\/","name":"Mingamos","description":"Mingamos","potentialAction":[{"@type":"SearchAction","target":{"@type":"EntryPoint","urlTemplate":"https:\/\/mingamos.cl\/?s={search_term_string}"},"query-input":{"@type":"PropertyValueSpecification","valueRequired":true,"valueName":"search_term_string"}}],"inLanguage":"es"}]}},"_links":{"self":[{"href":"https:\/\/mingamos.cl\/es\/wp-json\/wp\/v2\/pages\/3513","targetHints":{"allow":["GET"]}}],"collection":[{"href":"https:\/\/mingamos.cl\/es\/wp-json\/wp\/v2\/pages"}],"about":[{"href":"https:\/\/mingamos.cl\/es\/wp-json\/wp\/v2\/types\/page"}],"author":[{"embeddable":true,"href":"https:\/\/mingamos.cl\/es\/wp-json\/wp\/v2\/users\/1"}],"replies":[{"embeddable":true,"href":"https:\/\/mingamos.cl\/es\/wp-json\/wp\/v2\/comments?post=3513"}],"version-history":[{"count":85,"href":"https:\/\/mingamos.cl\/es\/wp-json\/wp\/v2\/pages\/3513\/revisions"}],"predecessor-version":[{"id":4340,"href":"https:\/\/mingamos.cl\/es\/wp-json\/wp\/v2\/pages\/3513\/revisions\/4340"}],"wp:attachment":[{"href":"https:\/\/mingamos.cl\/es\/wp-json\/wp\/v2\/media?parent=3513"}],"curies":[{"name":"wp","href":"https:\/\/api.w.org\/{rel}","templated":true}]}}