{"id":3506,"date":"2024-11-05T05:39:15","date_gmt":"2024-11-05T04:39:15","guid":{"rendered":"https:\/\/mingamos.cl\/proyecto-restauracion-puntra-copy"},"modified":"2025-01-10T20:10:24","modified_gmt":"2025-01-10T19:10:24","slug":"visita-turismo","status":"publish","type":"page","link":"https:\/\/mingamos.cl\/es\/visita-turismo","title":{"rendered":"Visita &#038; Turismo"},"content":{"rendered":"<div data-elementor-type=\"wp-page\" data-elementor-id=\"3506\" class=\"elementor elementor-3506\" data-elementor-post-type=\"page\">\n\t\t\t\t<div class=\"elementor-element elementor-element-369fffe e-flex e-con-boxed e-con e-parent\" data-id=\"369fffe\" data-element_type=\"container\" data-settings=\"{&quot;background_background&quot;:&quot;classic&quot;}\">\n\t\t\t\t\t<div class=\"e-con-inner\">\n\t\t<div class=\"elementor-element elementor-element-cdcba5d e-con-full e-flex e-con e-child\" data-id=\"cdcba5d\" data-element_type=\"container\">\n\t\t\t\t<div class=\"elementor-element elementor-element-59e5734 elementor-widget elementor-widget-heading\" data-id=\"59e5734\" data-element_type=\"widget\" data-widget_type=\"heading.default\">\n\t\t\t\t<div class=\"elementor-widget-container\">\n\t\t\t\t\t<h1 class=\"elementor-heading-title elementor-size-default\">Experiencia Turistica<\/h1>\t\t\t\t<\/div>\n\t\t\t\t<\/div>\n\t\t\t\t<\/div>\n\t\t\t\t\t<\/div>\n\t\t\t\t<\/div>\n\t\t<div class=\"elementor-element elementor-element-61bb6dd elementor-hidden-desktop elementor-hidden-tablet elementor-hidden-mobile e-flex e-con-boxed e-con e-parent\" data-id=\"61bb6dd\" data-element_type=\"container\" id=\"visitas al protecto\" data-settings=\"{&quot;background_background&quot;:&quot;classic&quot;}\">\n\t\t\t\t\t<div class=\"e-con-inner\">\n\t\t<div class=\"elementor-element elementor-element-8336437 e-con-full e-flex e-con e-child\" data-id=\"8336437\" data-element_type=\"container\">\n\t\t\t\t<div class=\"elementor-element elementor-element-b983a51 elementor-widget elementor-widget-heading\" data-id=\"b983a51\" data-element_type=\"widget\" data-widget_type=\"heading.default\">\n\t\t\t\t<div class=\"elementor-widget-container\">\n\t\t\t\t\t<h2 class=\"elementor-heading-title elementor-size-default\">Visitas al Proyecto Puntra: Experiencia de Conservaci\u00f3n en Chilo\u00e9<\/h2>\t\t\t\t<\/div>\n\t\t\t\t<\/div>\n\t\t\t\t<div class=\"elementor-element elementor-element-4a6f327 elementor-widget elementor-widget-text-editor\" data-id=\"4a6f327\" data-element_type=\"widget\" data-widget_type=\"text-editor.default\">\n\t\t\t\t<div class=\"elementor-widget-container\">\n\t\t\t\t\t\t\t\t\t<p>En Mingamos, creemos que la mejor manera de entender el valor de nuestro proyecto es experimentarlo de primera mano. A lo largo del a\u00f1o, organizamos visitas a terreno donde invitamos a vecinos e interesados a conocer el Proyecto Restauraci\u00f3n Puntra. Durante estos encuentros, los participantes pueden explorar el terreno reforestado, disfrutar de paseos en kayak por el r\u00edo Puntra y realizar caminatas por los senderos dise\u00f1ados para apreciar la flora y fauna nativa. Estos eventos no solo ofrecen una oportunidad para conectar con la naturaleza, sino tambi\u00e9n para aprender sobre los esfuerzos de conservaci\u00f3n y el impacto positivo que tiene este proyecto en la biodiversidad y la comunidad local. Te invitamos a descubrir la belleza de nuestro entorno y a ser parte de esta experiencia \u00fanica<\/p>\t\t\t\t\t\t\t\t<\/div>\n\t\t\t\t<\/div>\n\t\t\t\t<\/div>\n\t\t<div class=\"elementor-element elementor-element-9b73b2f e-con-full e-flex e-con e-child\" data-id=\"9b73b2f\" data-element_type=\"container\">\n\t\t\t\t<div class=\"elementor-element elementor-element-aba3534 elementor-widget elementor-widget-image\" data-id=\"aba3534\" data-element_type=\"widget\" data-widget_type=\"image.default\">\n\t\t\t\t<div class=\"elementor-widget-container\">\n\t\t\t\t\t\t\t\t\t\t\t\t\t\t\t<img fetchpriority=\"high\" decoding=\"async\" width=\"800\" height=\"587\" src=\"https:\/\/mingamos.cl\/wp-content\/uploads\/2024\/11\/1-1024x751.png\" class=\"attachment-large size-large wp-image-3431\" alt=\"Invierte en terrenos de conservaci\u00f3n en Chilo\u00e9\" srcset=\"https:\/\/mingamos.cl\/wp-content\/uploads\/2024\/11\/1-1024x751.png 1024w, https:\/\/mingamos.cl\/wp-content\/uploads\/2024\/11\/1-300x220.png 300w, https:\/\/mingamos.cl\/wp-content\/uploads\/2024\/11\/1-768x563.png 768w, https:\/\/mingamos.cl\/wp-content\/uploads\/2024\/11\/1-16x12.png 16w, https:\/\/mingamos.cl\/wp-content\/uploads\/2024\/11\/1.png 1500w\" sizes=\"(max-width: 800px) 100vw, 800px\" \/>\t\t\t\t\t\t\t\t\t\t\t\t\t\t\t<\/div>\n\t\t\t\t<\/div>\n\t\t\t\t<\/div>\n\t\t\t\t\t<\/div>\n\t\t\t\t<\/div>\n\t\t<div class=\"elementor-element elementor-element-ac7fa96 e-flex e-con-boxed e-con e-parent\" data-id=\"ac7fa96\" data-element_type=\"container\" data-settings=\"{&quot;background_background&quot;:&quot;classic&quot;}\">\n\t\t\t\t\t<div class=\"e-con-inner\">\n\t\t\t\t<div class=\"elementor-element elementor-element-d698c96 elementor-invisible elementor-widget elementor-widget-video\" data-id=\"d698c96\" data-element_type=\"widget\" data-settings=\"{&quot;video_type&quot;:&quot;hosted&quot;,&quot;autoplay&quot;:&quot;yes&quot;,&quot;play_on_mobile&quot;:&quot;yes&quot;,&quot;_animation&quot;:&quot;fadeInUp&quot;}\" data-widget_type=\"video.default\">\n\t\t\t\t<div class=\"elementor-widget-container\">\n\t\t\t\t\t\t\t<div class=\"e-hosted-video elementor-wrapper elementor-open-inline\">\n\t\t\t\t\t<video class=\"elementor-video\" src=\"https:\/\/mingamos.cl\/wp-content\/uploads\/2024\/11\/proximas-experiencias.mp4\" autoplay=\"\" playsinline=\"\" controlslist=\"nodownload\"><\/video>\n\t\t\t\t<\/div>\n\t\t\t\t\t\t<\/div>\n\t\t\t\t<\/div>\n\t\t\t\t<div class=\"elementor-element elementor-element-02c9a1c elementor-mobile-align-center elementor-align-center elementor-invisible elementor-widget elementor-widget-button\" data-id=\"02c9a1c\" data-element_type=\"widget\" data-settings=\"{&quot;_animation&quot;:&quot;fadeInUp&quot;}\" data-widget_type=\"button.default\">\n\t\t\t\t<div class=\"elementor-widget-container\">\n\t\t\t\t\t\t\t\t\t<div class=\"elementor-button-wrapper\">\n\t\t\t\t\t<a class=\"elementor-button elementor-button-link elementor-size-sm\" href=\"https:\/\/mingamos.cl\/es\/nosotros\/#colaboracion\">\n\t\t\t\t\t\t<span class=\"elementor-button-content-wrapper\">\n\t\t\t\t\t\t\t\t\t<span class=\"elementor-button-text\">Agenda Tu Visita<\/span>\n\t\t\t\t\t<\/span>\n\t\t\t\t\t<\/a>\n\t\t\t\t<\/div>\n\t\t\t\t\t\t\t\t<\/div>\n\t\t\t\t<\/div>\n\t\t\t\t\t<\/div>\n\t\t\t\t<\/div>\n\t\t<div class=\"elementor-element elementor-element-61b809a e-flex e-con-boxed e-con e-parent\" data-id=\"61b809a\" data-element_type=\"container\" data-settings=\"{&quot;background_background&quot;:&quot;classic&quot;}\">\n\t\t\t\t\t<div class=\"e-con-inner\">\n\t\t<div class=\"elementor-element elementor-element-fe7c34e e-con-full e-flex elementor-invisible e-con e-child\" data-id=\"fe7c34e\" data-element_type=\"container\" data-settings=\"{&quot;animation&quot;:&quot;fadeInUp&quot;}\">\n\t\t\t\t<div class=\"elementor-element elementor-element-9236696 elementor-widget elementor-widget-image\" data-id=\"9236696\" data-element_type=\"widget\" data-widget_type=\"image.default\">\n\t\t\t\t<div class=\"elementor-widget-container\">\n\t\t\t\t\t\t\t\t\t\t\t\t\t\t\t<img decoding=\"async\" width=\"800\" height=\"587\" src=\"https:\/\/mingamos.cl\/wp-content\/uploads\/2024\/11\/17-1024x751.png\" class=\"attachment-large size-large wp-image-3416\" alt=\"Disfruta de actividades como el kayak, senderismo y educaci\u00f3n ambiental en un entorno \u00fanico.\" srcset=\"https:\/\/mingamos.cl\/wp-content\/uploads\/2024\/11\/17-1024x751.png 1024w, https:\/\/mingamos.cl\/wp-content\/uploads\/2024\/11\/17-300x220.png 300w, https:\/\/mingamos.cl\/wp-content\/uploads\/2024\/11\/17-768x563.png 768w, https:\/\/mingamos.cl\/wp-content\/uploads\/2024\/11\/17-16x12.png 16w, https:\/\/mingamos.cl\/wp-content\/uploads\/2024\/11\/17.png 1500w\" sizes=\"(max-width: 800px) 100vw, 800px\" \/>\t\t\t\t\t\t\t\t\t\t\t\t\t\t\t<\/div>\n\t\t\t\t<\/div>\n\t\t\t\t<\/div>\n\t\t<div class=\"elementor-element elementor-element-f90c135 e-con-full e-flex elementor-invisible e-con e-child\" data-id=\"f90c135\" data-element_type=\"container\" data-settings=\"{&quot;animation&quot;:&quot;fadeInUp&quot;}\">\n\t\t\t\t<div class=\"elementor-element elementor-element-56afb39 elementor-widget elementor-widget-heading\" data-id=\"56afb39\" data-element_type=\"widget\" data-widget_type=\"heading.default\">\n\t\t\t\t<div class=\"elementor-widget-container\">\n\t\t\t\t\t<h2 class=\"elementor-heading-title elementor-size-default\">Pr\u00f3ximas Experiencias de Ecoturismo en el Proyecto Puntra<\/h2>\t\t\t\t<\/div>\n\t\t\t\t<\/div>\n\t\t\t\t<div class=\"elementor-element elementor-element-5204eff elementor-widget elementor-widget-text-editor\" data-id=\"5204eff\" data-element_type=\"widget\" data-widget_type=\"text-editor.default\">\n\t\t\t\t<div class=\"elementor-widget-container\">\n\t\t\t\t\t\t\t\t\t<p>Te invitamos a vivir las actividades tur\u00edsticas de Mingamos, donde podr\u00e1s explorar el bosque nativo y el r\u00edo Puntra de forma \u00fanica, mientras conoces nuestro proyecto y el espiritu de MIngamos. Descubre m\u00e1s sobre nuestra pr\u00f3xima experiencia.<\/p>\t\t\t\t\t\t\t\t<\/div>\n\t\t\t\t<\/div>\n\t\t\t\t<\/div>\n\t\t\t\t\t<\/div>\n\t\t\t\t<\/div>\n\t\t\t\t<\/div>","protected":false},"excerpt":{"rendered":"<p>Experiencia Turistica Visitas al Proyecto Puntra: Experiencia de Conservaci\u00f3n en Chilo\u00e9 En Mingamos, creemos que la mejor manera de entender el valor de nuestro proyecto es experimentarlo de primera mano. A lo largo del a\u00f1o, organizamos visitas a terreno donde invitamos a vecinos e interesados a conocer el Proyecto Restauraci\u00f3n Puntra. Durante estos encuentros, los [&hellip;]<\/p>","protected":false},"author":1,"featured_media":0,"parent":0,"menu_order":0,"comment_status":"closed","ping_status":"closed","template":"elementor_header_footer","meta":{"content-type":"","footnotes":""},"class_list":["post-3506","page","type-page","status-publish","hentry"],"yoast_head":"<!-- This site is optimized with the Yoast SEO plugin v23.9 - https:\/\/yoast.com\/wordpress\/plugins\/seo\/ -->\n<title>Visita &amp; Turismo - Mingamos<\/title>\n<meta name=\"robots\" content=\"noindex, follow, max-snippet:-1, max-image-preview:large, max-video-preview:-1\" \/>\n<meta property=\"og:locale\" content=\"es_ES\" \/>\n<meta property=\"og:type\" content=\"article\" \/>\n<meta property=\"og:title\" content=\"Visita &amp; Turismo - Mingamos\" \/>\n<meta property=\"og:description\" content=\"Experiencia Turistica Visitas al Proyecto Puntra: Experiencia de Conservaci\u00f3n en Chilo\u00e9 En Mingamos, creemos que la mejor manera de entender el valor de nuestro proyecto es experimentarlo de primera mano. A lo largo del a\u00f1o, organizamos visitas a terreno donde invitamos a vecinos e interesados a conocer el Proyecto Restauraci\u00f3n Puntra. Durante estos encuentros, los [&hellip;]\" \/>\n<meta property=\"og:url\" content=\"https:\/\/mingamos.cl\/es\/visita-turismo\/\" \/>\n<meta property=\"og:site_name\" content=\"Mingamos\" \/>\n<meta property=\"article:modified_time\" content=\"2025-01-10T19:10:24+00:00\" \/>\n<meta property=\"og:image\" content=\"https:\/\/mingamos.cl\/wp-content\/uploads\/2024\/11\/1-1024x751.png\" \/>\n<meta name=\"twitter:card\" content=\"summary_large_image\" \/>\n<meta name=\"twitter:label1\" content=\"Tiempo de lectura\" \/>\n\t<meta name=\"twitter:data1\" content=\"2 minutos\" \/>\n<script type=\"application\/ld+json\" class=\"yoast-schema-graph\">{\"@context\":\"https:\/\/schema.org\",\"@graph\":[{\"@type\":\"WebPage\",\"@id\":\"https:\/\/mingamos.cl\/visita-turismo\",\"url\":\"https:\/\/mingamos.cl\/visita-turismo\",\"name\":\"Visita & Turismo - Mingamos\",\"isPartOf\":{\"@id\":\"https:\/\/mingamos.cl\/#website\"},\"primaryImageOfPage\":{\"@id\":\"https:\/\/mingamos.cl\/visita-turismo#primaryimage\"},\"image\":{\"@id\":\"https:\/\/mingamos.cl\/visita-turismo#primaryimage\"},\"thumbnailUrl\":\"https:\/\/mingamos.cl\/wp-content\/uploads\/2024\/11\/1-1024x751.png\",\"datePublished\":\"2024-11-05T04:39:15+00:00\",\"dateModified\":\"2025-01-10T19:10:24+00:00\",\"breadcrumb\":{\"@id\":\"https:\/\/mingamos.cl\/visita-turismo#breadcrumb\"},\"inLanguage\":\"es\",\"potentialAction\":[{\"@type\":\"ReadAction\",\"target\":[\"https:\/\/mingamos.cl\/visita-turismo\"]}]},{\"@type\":\"ImageObject\",\"inLanguage\":\"es\",\"@id\":\"https:\/\/mingamos.cl\/visita-turismo#primaryimage\",\"url\":\"https:\/\/mingamos.cl\/wp-content\/uploads\/2024\/11\/1-1024x751.png\",\"contentUrl\":\"https:\/\/mingamos.cl\/wp-content\/uploads\/2024\/11\/1-1024x751.png\"},{\"@type\":\"BreadcrumbList\",\"@id\":\"https:\/\/mingamos.cl\/visita-turismo#breadcrumb\",\"itemListElement\":[{\"@type\":\"ListItem\",\"position\":1,\"name\":\"Home\",\"item\":\"https:\/\/mingamos.cl\/\"},{\"@type\":\"ListItem\",\"position\":2,\"name\":\"Visita &#038; Turismo\"}]},{\"@type\":\"WebSite\",\"@id\":\"https:\/\/mingamos.cl\/#website\",\"url\":\"https:\/\/mingamos.cl\/\",\"name\":\"Mingamos\",\"description\":\"Mingamos\",\"potentialAction\":[{\"@type\":\"SearchAction\",\"target\":{\"@type\":\"EntryPoint\",\"urlTemplate\":\"https:\/\/mingamos.cl\/?s={search_term_string}\"},\"query-input\":{\"@type\":\"PropertyValueSpecification\",\"valueRequired\":true,\"valueName\":\"search_term_string\"}}],\"inLanguage\":\"es\"}]}<\/script>\n<!-- \/ Yoast SEO plugin. -->","yoast_head_json":{"title":"Visita & Turismo - Mingamos","robots":{"index":"noindex","follow":"follow","max-snippet":"max-snippet:-1","max-image-preview":"max-image-preview:large","max-video-preview":"max-video-preview:-1"},"og_locale":"es_ES","og_type":"article","og_title":"Visita & Turismo - Mingamos","og_description":"Experiencia Turistica Visitas al Proyecto Puntra: Experiencia de Conservaci\u00f3n en Chilo\u00e9 En Mingamos, creemos que la mejor manera de entender el valor de nuestro proyecto es experimentarlo de primera mano. A lo largo del a\u00f1o, organizamos visitas a terreno donde invitamos a vecinos e interesados a conocer el Proyecto Restauraci\u00f3n Puntra. Durante estos encuentros, los [&hellip;]","og_url":"https:\/\/mingamos.cl\/es\/visita-turismo\/","og_site_name":"Mingamos","article_modified_time":"2025-01-10T19:10:24+00:00","og_image":[{"url":"https:\/\/mingamos.cl\/wp-content\/uploads\/2024\/11\/1-1024x751.png"}],"twitter_card":"summary_large_image","twitter_misc":{"Tiempo de lectura":"2 minutos"},"schema":{"@context":"https:\/\/schema.org","@graph":[{"@type":"WebPage","@id":"https:\/\/mingamos.cl\/visita-turismo","url":"https:\/\/mingamos.cl\/visita-turismo","name":"Visita & Turismo - Mingamos","isPartOf":{"@id":"https:\/\/mingamos.cl\/#website"},"primaryImageOfPage":{"@id":"https:\/\/mingamos.cl\/visita-turismo#primaryimage"},"image":{"@id":"https:\/\/mingamos.cl\/visita-turismo#primaryimage"},"thumbnailUrl":"https:\/\/mingamos.cl\/wp-content\/uploads\/2024\/11\/1-1024x751.png","datePublished":"2024-11-05T04:39:15+00:00","dateModified":"2025-01-10T19:10:24+00:00","breadcrumb":{"@id":"https:\/\/mingamos.cl\/visita-turismo#breadcrumb"},"inLanguage":"es","potentialAction":[{"@type":"ReadAction","target":["https:\/\/mingamos.cl\/visita-turismo"]}]},{"@type":"ImageObject","inLanguage":"es","@id":"https:\/\/mingamos.cl\/visita-turismo#primaryimage","url":"https:\/\/mingamos.cl\/wp-content\/uploads\/2024\/11\/1-1024x751.png","contentUrl":"https:\/\/mingamos.cl\/wp-content\/uploads\/2024\/11\/1-1024x751.png"},{"@type":"BreadcrumbList","@id":"https:\/\/mingamos.cl\/visita-turismo#breadcrumb","itemListElement":[{"@type":"ListItem","position":1,"name":"Home","item":"https:\/\/mingamos.cl\/"},{"@type":"ListItem","position":2,"name":"Visita &#038; Turismo"}]},{"@type":"WebSite","@id":"https:\/\/mingamos.cl\/#website","url":"https:\/\/mingamos.cl\/","name":"Mingamos","description":"Mingamos","potentialAction":[{"@type":"SearchAction","target":{"@type":"EntryPoint","urlTemplate":"https:\/\/mingamos.cl\/?s={search_term_string}"},"query-input":{"@type":"PropertyValueSpecification","valueRequired":true,"valueName":"search_term_string"}}],"inLanguage":"es"}]}},"_links":{"self":[{"href":"https:\/\/mingamos.cl\/es\/wp-json\/wp\/v2\/pages\/3506","targetHints":{"allow":["GET"]}}],"collection":[{"href":"https:\/\/mingamos.cl\/es\/wp-json\/wp\/v2\/pages"}],"about":[{"href":"https:\/\/mingamos.cl\/es\/wp-json\/wp\/v2\/types\/page"}],"author":[{"embeddable":true,"href":"https:\/\/mingamos.cl\/es\/wp-json\/wp\/v2\/users\/1"}],"replies":[{"embeddable":true,"href":"https:\/\/mingamos.cl\/es\/wp-json\/wp\/v2\/comments?post=3506"}],"version-history":[{"count":47,"href":"https:\/\/mingamos.cl\/es\/wp-json\/wp\/v2\/pages\/3506\/revisions"}],"predecessor-version":[{"id":4208,"href":"https:\/\/mingamos.cl\/es\/wp-json\/wp\/v2\/pages\/3506\/revisions\/4208"}],"wp:attachment":[{"href":"https:\/\/mingamos.cl\/es\/wp-json\/wp\/v2\/media?parent=3506"}],"curies":[{"name":"wp","href":"https:\/\/api.w.org\/{rel}","templated":true}]}}